{"id":937,"date":"2025-01-17T10:36:29","date_gmt":"2025-01-17T10:36:29","guid":{"rendered":"https:\/\/www.308.pl\/?page_id=937"},"modified":"2025-01-17T14:11:04","modified_gmt":"2025-01-17T14:11:04","slug":"marketplace","status":"publish","type":"page","link":"https:\/\/www.308.pl\/index.php\/marketplace\/","title":{"rendered":"Marketplace"},"content":{"rendered":"\t\t<div data-elementor-type=\"wp-page\" data-elementor-id=\"937\" class=\"elementor elementor-937\">\n\t\t\t\t\t\t<section class=\"elementor-section elementor-top-section elementor-element elementor-element-33526955 elementor-section-boxed elementor-section-height-default elementor-section-height-default\" data-id=\"33526955\" data-element_type=\"section\" data-e-type=\"section\">\n\t\t\t\t\t\t<div class=\"elementor-container elementor-column-gap-default\">\n\t\t\t\t\t<div class=\"elementor-column elementor-col-100 elementor-top-column elementor-element elementor-element-48253394\" data-id=\"48253394\" data-element_type=\"column\" data-e-type=\"column\">\n\t\t\t<div class=\"elementor-widget-wrap elementor-element-populated\">\n\t\t\t\t\t\t<div class=\"elementor-element elementor-element-4f93bcd0 elementor-widget elementor-widget-text-editor\" data-id=\"4f93bcd0\" data-element_type=\"widget\" data-e-type=\"widget\" data-widget_type=\"text-editor.default\">\n\t\t\t\t<div class=\"elementor-widget-container\">\n\t\t\t\t\t\t\t\t\t\n<p>Sprzeda\u017c na platformach typu marketplace, zar\u00f3wno w Polsce, jak i za granic\u0105, oferuje przedsi\u0119biorcom szereg korzy\u015bci. Przede wszystkim, umo\u017cliwia szybsze dotarcie do szerokiej bazy klient\u00f3w bez konieczno\u015bci inwestowania nadmiernego.<\/p>\n\n<p>Korzystanie z marketplace&#8217;\u00f3w zapewnia r\u00f3wnie\u017c gotow\u0105 infrastruktur\u0119 techniczn\u0105, obejmuj\u0105c\u0105 systemy p\u0142atno\u015bci, zarz\u0105dzanie zam\u00f3wieniami oraz cz\u0119sto wsparcie logistyczne. Dzi\u0119ki temu sprzedawcy mog\u0105 skoncentrowa\u0107 si\u0119 na rozwijaniu oferty, nie martwi\u0105c si\u0119 o aspekty technologiczne i budowanie \u015bwiadomo\u015bci marki w internecie od podstaw. Warto jednak pami\u0119ta\u0107, \u017ce nie ka\u017cda platforma b\u0119dzie odpowiednia dla ka\u017cdego sprzedawcy. Istniej\u0105 marketplace&#8217;y o charakterze og\u00f3lnym, takie jak Amazon czy Allegro, kt\u00f3re oferuj\u0105 szeroki asortyment produkt\u00f3w, oraz bardziej bran\u017cowe, skoncentrowane na okre\u015blonych segmentach rynku. Wyb\u00f3r odpowiedniej platformy powinien zale\u017ce\u0107 od specyfiki oferowanych produkt\u00f3w oraz docelowej grupy klient\u00f3w. Wielu sprzedawc\u00f3w sprzedaje wi\u0119cej na platformach bran\u017cowych.<\/p>\n\n<p>Zastanawiasz si\u0119 nad wyborem platformy? Nasza firma pomaga klientom w analizie rynku j\u0119zykowego oraz wyborze najbardziej odpowiedniej platformy sprzeda\u017cowej, dostosowanej do ich indywidualnych potrzeb i cel\u00f3w biznesowych. Dzi\u0119ki temu nasi klienci mog\u0105 skutecznie zwi\u0119ksza\u0107 swoj\u0105 obecno\u015b\u0107 na rynku e-commerce, zar\u00f3wno lokalnie, jak i mi\u0119dzynarodowo.<\/p>\n\n<p>Marketplace-y kt\u00f3re poprowadzimy Tobie:<\/p>\n\t\t\t\t\t\t\t\t<\/div>\n\t\t\t\t<\/div>\n\t\t\t\t\t<\/div>\n\t\t<\/div>\n\t\t\t\t\t<\/div>\n\t\t<\/section>\n\t\t\t\t<section class=\"elementor-section elementor-top-section elementor-element elementor-element-6f46715 elementor-section-boxed elementor-section-height-default elementor-section-height-default\" data-id=\"6f46715\" data-element_type=\"section\" data-e-type=\"section\">\n\t\t\t\t\t\t<div class=\"elementor-container elementor-column-gap-default\">\n\t\t\t\t\t<div class=\"elementor-column elementor-col-100 elementor-top-column elementor-element elementor-element-87aef37\" data-id=\"87aef37\" data-element_type=\"column\" data-e-type=\"column\">\n\t\t\t<div class=\"elementor-widget-wrap elementor-element-populated\">\n\t\t\t\t\t\t<div class=\"elementor-element elementor-element-e2806c4 gallery-spacing-custom elementor-widget elementor-widget-image-gallery\" data-id=\"e2806c4\" data-element_type=\"widget\" data-e-type=\"widget\" data-widget_type=\"image-gallery.default\">\n\t\t\t\t<div class=\"elementor-widget-container\">\n\t\t\t\t\t\t\t<div class=\"elementor-image-gallery\">\n\t\t\t\n\t\t<style type=\"text\/css\">\n\t\t\t#gallery-1 {\n\t\t\t\tmargin: auto;\n\t\t\t}\n\t\t\t#gallery-1 .gallery-item {\n\t\t\t\tfloat: left;\n\t\t\t\tmargin-top: 10px;\n\t\t\t\ttext-align: center;\n\t\t\t\twidth: 25%;\n\t\t\t}\n\t\t\t#gallery-1 img {\n\t\t\t\tborder: 2px solid #cfcfcf;\n\t\t\t}\n\t\t\t#gallery-1 .gallery-caption {\n\t\t\t\tmargin-left: 0;\n\t\t\t}\n\t\t\t\/* see gallery_shortcode() in wp-includes\/media.php *\/\n\t\t<\/style>\n\t\t<div id='gallery-1' class='gallery galleryid-937 gallery-columns-4 gallery-size-thumbnail'><dl class='gallery-item'>\n\t\t\t<dt class='gallery-icon landscape'>\n\t\t\t\t<img decoding=\"async\" width=\"140\" height=\"90\" src=\"https:\/\/www.308.pl\/wp-content\/uploads\/2025\/01\/skroutz.png\" class=\"attachment-thumbnail size-thumbnail\" alt=\"\" \/>\n\t\t\t<\/dt><\/dl><dl class='gallery-item'>\n\t\t\t<dt class='gallery-icon landscape'>\n\t\t\t\t<img decoding=\"async\" width=\"140\" height=\"90\" src=\"https:\/\/www.308.pl\/wp-content\/uploads\/2025\/01\/group_leroymerlin.png\" class=\"attachment-thumbnail size-thumbnail\" alt=\"\" \/>\n\t\t\t<\/dt><\/dl><dl class='gallery-item'>\n\t\t\t<dt class='gallery-icon landscape'>\n\t\t\t\t<img decoding=\"async\" width=\"140\" height=\"90\" src=\"https:\/\/www.308.pl\/wp-content\/uploads\/2025\/01\/intermarche.png\" class=\"attachment-thumbnail size-thumbnail\" alt=\"\" \/>\n\t\t\t<\/dt><\/dl><dl class='gallery-item'>\n\t\t\t<dt class='gallery-icon landscape'>\n\t\t\t\t<img loading=\"lazy\" decoding=\"async\" width=\"140\" height=\"90\" src=\"https:\/\/www.308.pl\/wp-content\/uploads\/2025\/01\/castoramapl.png\" class=\"attachment-thumbnail size-thumbnail\" alt=\"\" \/>\n\t\t\t<\/dt><\/dl><br style=\"clear: both\" \/><dl class='gallery-item'>\n\t\t\t<dt class='gallery-icon landscape'>\n\t\t\t\t<img loading=\"lazy\" decoding=\"async\" width=\"140\" height=\"90\" src=\"https:\/\/www.308.pl\/wp-content\/uploads\/2025\/01\/drmax.png\" class=\"attachment-thumbnail size-thumbnail\" alt=\"\" \/>\n\t\t\t<\/dt><\/dl><dl class='gallery-item'>\n\t\t\t<dt class='gallery-icon landscape'>\n\t\t\t\t<img loading=\"lazy\" decoding=\"async\" width=\"140\" height=\"90\" src=\"https:\/\/www.308.pl\/wp-content\/uploads\/2025\/01\/zalando.png\" class=\"attachment-thumbnail size-thumbnail\" alt=\"\" \/>\n\t\t\t<\/dt><\/dl><dl class='gallery-item'>\n\t\t\t<dt class='gallery-icon landscape'>\n\t\t\t\t<img loading=\"lazy\" decoding=\"async\" width=\"140\" height=\"90\" src=\"https:\/\/www.308.pl\/wp-content\/uploads\/2025\/01\/modivo.png\" class=\"attachment-thumbnail size-thumbnail\" alt=\"\" \/>\n\t\t\t<\/dt><\/dl><dl class='gallery-item'>\n\t\t\t<dt class='gallery-icon landscape'>\n\t\t\t\t<img loading=\"lazy\" decoding=\"async\" width=\"140\" height=\"90\" src=\"https:\/\/www.308.pl\/wp-content\/uploads\/2025\/01\/erli_connector.png\" class=\"attachment-thumbnail size-thumbnail\" alt=\"\" \/>\n\t\t\t<\/dt><\/dl><br style=\"clear: both\" \/><dl class='gallery-item'>\n\t\t\t<dt class='gallery-icon landscape'>\n\t\t\t\t<img loading=\"lazy\" decoding=\"async\" width=\"140\" height=\"90\" src=\"https:\/\/www.308.pl\/wp-content\/uploads\/2025\/01\/hmhome.png\" class=\"attachment-thumbnail size-thumbnail\" alt=\"\" \/>\n\t\t\t<\/dt><\/dl><dl class='gallery-item'>\n\t\t\t<dt class='gallery-icon landscape'>\n\t\t\t\t<img loading=\"lazy\" decoding=\"async\" width=\"140\" height=\"90\" src=\"https:\/\/www.308.pl\/wp-content\/uploads\/2025\/01\/etsy.png\" class=\"attachment-thumbnail size-thumbnail\" alt=\"\" \/>\n\t\t\t<\/dt><\/dl><dl class='gallery-item'>\n\t\t\t<dt class='gallery-icon landscape'>\n\t\t\t\t<img loading=\"lazy\" decoding=\"async\" width=\"140\" height=\"90\" src=\"https:\/\/www.308.pl\/wp-content\/uploads\/2025\/01\/kaufland.png\" class=\"attachment-thumbnail size-thumbnail\" alt=\"\" \/>\n\t\t\t<\/dt><\/dl><dl class='gallery-item'>\n\t\t\t<dt class='gallery-icon landscape'>\n\t\t\t\t<img loading=\"lazy\" decoding=\"async\" width=\"140\" height=\"90\" src=\"https:\/\/www.308.pl\/wp-content\/uploads\/2025\/01\/group_aliexpress.png\" class=\"attachment-thumbnail size-thumbnail\" alt=\"\" \/>\n\t\t\t<\/dt><\/dl><br style=\"clear: both\" \/><dl class='gallery-item'>\n\t\t\t<dt class='gallery-icon landscape'>\n\t\t\t\t<img loading=\"lazy\" decoding=\"async\" width=\"140\" height=\"90\" src=\"https:\/\/www.308.pl\/wp-content\/uploads\/2025\/01\/amazon-2.png\" class=\"attachment-thumbnail size-thumbnail\" alt=\"\" \/>\n\t\t\t<\/dt><\/dl><dl class='gallery-item'>\n\t\t\t<dt class='gallery-icon landscape'>\n\t\t\t\t<img loading=\"lazy\" decoding=\"async\" width=\"140\" height=\"90\" src=\"https:\/\/www.308.pl\/wp-content\/uploads\/2025\/01\/group_carrefour.png\" class=\"attachment-thumbnail size-thumbnail\" alt=\"\" \/>\n\t\t\t<\/dt><\/dl><dl class='gallery-item'>\n\t\t\t<dt class='gallery-icon landscape'>\n\t\t\t\t<img loading=\"lazy\" decoding=\"async\" width=\"140\" height=\"90\" src=\"https:\/\/www.308.pl\/wp-content\/uploads\/2025\/01\/emag.png\" class=\"attachment-thumbnail size-thumbnail\" alt=\"\" \/>\n\t\t\t<\/dt><\/dl><dl class='gallery-item'>\n\t\t\t<dt class='gallery-icon landscape'>\n\t\t\t\t<img loading=\"lazy\" decoding=\"async\" width=\"140\" height=\"90\" src=\"https:\/\/www.308.pl\/wp-content\/uploads\/2025\/01\/group_decathlon.png\" class=\"attachment-thumbnail size-thumbnail\" alt=\"\" \/>\n\t\t\t<\/dt><\/dl><br style=\"clear: both\" \/><dl class='gallery-item'>\n\t\t\t<dt class='gallery-icon landscape'>\n\t\t\t\t<img loading=\"lazy\" decoding=\"async\" width=\"140\" height=\"90\" src=\"https:\/\/www.308.pl\/wp-content\/uploads\/2025\/01\/gosport.png\" class=\"attachment-thumbnail size-thumbnail\" alt=\"\" \/>\n\t\t\t<\/dt><\/dl><dl class='gallery-item'>\n\t\t\t<dt class='gallery-icon landscape'>\n\t\t\t\t<img loading=\"lazy\" decoding=\"async\" width=\"140\" height=\"90\" src=\"https:\/\/www.308.pl\/wp-content\/uploads\/2025\/01\/aptego.png\" class=\"attachment-thumbnail size-thumbnail\" alt=\"\" \/>\n\t\t\t<\/dt><\/dl><dl class='gallery-item'>\n\t\t\t<dt class='gallery-icon landscape'>\n\t\t\t\t<img loading=\"lazy\" decoding=\"async\" width=\"140\" height=\"90\" src=\"https:\/\/www.308.pl\/wp-content\/uploads\/2025\/01\/blackredwhitepl.png\" class=\"attachment-thumbnail size-thumbnail\" alt=\"\" \/>\n\t\t\t<\/dt><\/dl><dl class='gallery-item'>\n\t\t\t<dt class='gallery-icon landscape'>\n\t\t\t\t<img loading=\"lazy\" decoding=\"async\" width=\"140\" height=\"90\" src=\"https:\/\/www.308.pl\/wp-content\/uploads\/2025\/01\/bricodepotes.png\" class=\"attachment-thumbnail size-thumbnail\" alt=\"\" \/>\n\t\t\t<\/dt><\/dl><br style=\"clear: both\" \/><dl class='gallery-item'>\n\t\t\t<dt class='gallery-icon landscape'>\n\t\t\t\t<img loading=\"lazy\" decoding=\"async\" width=\"140\" height=\"90\" src=\"https:\/\/www.308.pl\/wp-content\/uploads\/2025\/01\/mediamarkt.png\" class=\"attachment-thumbnail size-thumbnail\" alt=\"\" \/>\n\t\t\t<\/dt><\/dl><dl class='gallery-item'>\n\t\t\t<dt class='gallery-icon landscape'>\n\t\t\t\t<img loading=\"lazy\" decoding=\"async\" width=\"140\" height=\"90\" src=\"https:\/\/www.308.pl\/wp-content\/uploads\/2025\/01\/allegro.png\" class=\"attachment-thumbnail size-thumbnail\" alt=\"\" \/>\n\t\t\t<\/dt><\/dl><dl class='gallery-item'>\n\t\t\t<dt class='gallery-icon landscape'>\n\t\t\t\t<img loading=\"lazy\" decoding=\"async\" width=\"140\" height=\"90\" src=\"https:\/\/www.308.pl\/wp-content\/uploads\/2025\/01\/cdiscount.png\" class=\"attachment-thumbnail size-thumbnail\" alt=\"\" \/>\n\t\t\t<\/dt><\/dl><dl class='gallery-item'>\n\t\t\t<dt class='gallery-icon landscape'>\n\t\t\t\t<img loading=\"lazy\" decoding=\"async\" width=\"140\" height=\"90\" src=\"https:\/\/www.308.pl\/wp-content\/uploads\/2025\/01\/morele.png\" class=\"attachment-thumbnail size-thumbnail\" alt=\"\" \/>\n\t\t\t<\/dt><\/dl><br style=\"clear: both\" \/><dl class='gallery-item'>\n\t\t\t<dt class='gallery-icon landscape'>\n\t\t\t\t<img loading=\"lazy\" decoding=\"async\" width=\"140\" height=\"90\" src=\"https:\/\/www.308.pl\/wp-content\/uploads\/2025\/01\/homeandyoupl.png\" class=\"attachment-thumbnail size-thumbnail\" alt=\"\" \/>\n\t\t\t<\/dt><\/dl><dl class='gallery-item'>\n\t\t\t<dt class='gallery-icon landscape'>\n\t\t\t\t<img loading=\"lazy\" decoding=\"async\" width=\"140\" height=\"90\" src=\"https:\/\/www.308.pl\/wp-content\/uploads\/2025\/01\/conradde.png\" class=\"attachment-thumbnail size-thumbnail\" alt=\"\" \/>\n\t\t\t<\/dt><\/dl><dl class='gallery-item'>\n\t\t\t<dt class='gallery-icon landscape'>\n\t\t\t\t<img loading=\"lazy\" decoding=\"async\" width=\"140\" height=\"90\" src=\"https:\/\/www.308.pl\/wp-content\/uploads\/2025\/01\/inpostfresh.png\" class=\"attachment-thumbnail size-thumbnail\" alt=\"\" \/>\n\t\t\t<\/dt><\/dl><dl class='gallery-item'>\n\t\t\t<dt class='gallery-icon landscape'>\n\t\t\t\t<img loading=\"lazy\" decoding=\"async\" width=\"140\" height=\"90\" src=\"https:\/\/www.308.pl\/wp-content\/uploads\/2025\/01\/empik.png\" class=\"attachment-thumbnail size-thumbnail\" alt=\"\" \/>\n\t\t\t<\/dt><\/dl><br style=\"clear: both\" \/><dl class='gallery-item'>\n\t\t\t<dt class='gallery-icon landscape'>\n\t\t\t\t<img loading=\"lazy\" decoding=\"async\" width=\"140\" height=\"90\" src=\"https:\/\/www.308.pl\/wp-content\/uploads\/2025\/01\/hebe.png\" class=\"attachment-thumbnail size-thumbnail\" alt=\"\" \/>\n\t\t\t<\/dt><\/dl><dl class='gallery-item'>\n\t\t\t<dt class='gallery-icon landscape'>\n\t\t\t\t<img loading=\"lazy\" decoding=\"async\" width=\"140\" height=\"90\" src=\"https:\/\/www.308.pl\/wp-content\/uploads\/2025\/01\/ebay.png\" class=\"attachment-thumbnail size-thumbnail\" alt=\"\" \/>\n\t\t\t<\/dt><\/dl><dl class='gallery-item'>\n\t\t\t<dt class='gallery-icon landscape'>\n\t\t\t\t<img loading=\"lazy\" decoding=\"async\" width=\"140\" height=\"90\" src=\"https:\/\/www.308.pl\/wp-content\/uploads\/2025\/01\/superpharmpl.png\" class=\"attachment-thumbnail size-thumbnail\" alt=\"\" \/>\n\t\t\t<\/dt><\/dl>\n\t\t\t<br style='clear: both' \/>\n\t\t<\/div>\n\t\t<\/div>\n\t\t\t\t\t\t<\/div>\n\t\t\t\t<\/div>\n\t\t\t\t\t<\/div>\n\t\t<\/div>\n\t\t\t\t\t<\/div>\n\t\t<\/section>\n\t\t\t\t<section class=\"elementor-section elementor-top-section elementor-element elementor-element-c4acb92 elementor-section-boxed elementor-section-height-default elementor-section-height-default\" data-id=\"c4acb92\" data-element_type=\"section\" data-e-type=\"section\">\n\t\t\t\t\t\t<div class=\"elementor-container elementor-column-gap-default\">\n\t\t\t\t\t<div class=\"elementor-column elementor-col-100 elementor-top-column elementor-element elementor-element-ee47c0a\" data-id=\"ee47c0a\" data-element_type=\"column\" data-e-type=\"column\">\n\t\t\t<div class=\"elementor-widget-wrap elementor-element-populated\">\n\t\t\t\t\t\t<div class=\"elementor-element elementor-element-df48a35 elementor-widget elementor-widget-spacer\" data-id=\"df48a35\" data-element_type=\"widget\" data-e-type=\"widget\" data-widget_type=\"spacer.default\">\n\t\t\t\t<div class=\"elementor-widget-container\">\n\t\t\t\t\t\t\t<div class=\"elementor-spacer\">\n\t\t\t<div class=\"elementor-spacer-inner\"><\/div>\n\t\t<\/div>\n\t\t\t\t\t\t<\/div>\n\t\t\t\t<\/div>\n\t\t\t\t\t<\/div>\n\t\t<\/div>\n\t\t\t\t\t<\/div>\n\t\t<\/section>\n\t\t\t\t<section class=\"elementor-section elementor-top-section elementor-element elementor-element-93a57e1 elementor-section-boxed elementor-section-height-default elementor-section-height-default\" data-id=\"93a57e1\" data-element_type=\"section\" data-e-type=\"section\">\n\t\t\t\t\t\t<div class=\"elementor-container elementor-column-gap-default\">\n\t\t\t\t\t<div class=\"elementor-column elementor-col-100 elementor-top-column elementor-element elementor-element-4acf23a\" data-id=\"4acf23a\" data-element_type=\"column\" data-e-type=\"column\">\n\t\t\t<div class=\"elementor-widget-wrap elementor-element-populated\">\n\t\t\t\t\t\t<div class=\"elementor-element elementor-element-0031f06 elementor-widget elementor-widget-text-editor\" data-id=\"0031f06\" data-element_type=\"widget\" data-e-type=\"widget\" data-widget_type=\"text-editor.default\">\n\t\t\t\t<div class=\"elementor-widget-container\">\n\t\t\t\t\t\t\t\t\t<h3 class=\"elementor-icon-box-title\">Skontaktuj si\u0119<\/h3>\n<p class=\"elementor-icon-box-description\">Email: kontakt@308.pl<br \/>Telefon: 695 806 801<br \/>Telefon: 881 959 888<\/p>\t\t\t\t\t\t\t\t<\/div>\n\t\t\t\t<\/div>\n\t\t\t\t<div class=\"elementor-element elementor-element-e674236 elementor-widget-divider--view-line elementor-widget elementor-widget-divider\" data-id=\"e674236\" data-element_type=\"widget\" data-e-type=\"widget\" data-widget_type=\"divider.default\">\n\t\t\t\t<div class=\"elementor-widget-container\">\n\t\t\t\t\t\t\t<div class=\"elementor-divider\">\n\t\t\t<span class=\"elementor-divider-separator\">\n\t\t\t\t\t\t<\/span>\n\t\t<\/div>\n\t\t\t\t\t\t<\/div>\n\t\t\t\t<\/div>\n\t\t\t\t<div class=\"elementor-element elementor-element-05415ad elementor-widget elementor-widget-spacer\" data-id=\"05415ad\" data-element_type=\"widget\" data-e-type=\"widget\" data-widget_type=\"spacer.default\">\n\t\t\t\t<div class=\"elementor-widget-container\">\n\t\t\t\t\t\t\t<div class=\"elementor-spacer\">\n\t\t\t<div class=\"elementor-spacer-inner\"><\/div>\n\t\t<\/div>\n\t\t\t\t\t\t<\/div>\n\t\t\t\t<\/div>\n\t\t\t\t<div class=\"elementor-element elementor-element-a981e0f elementor-align-center elementor-widget elementor-widget-button\" data-id=\"a981e0f\" data-element_type=\"widget\" data-e-type=\"widget\" data-widget_type=\"button.default\">\n\t\t\t\t<div class=\"elementor-widget-container\">\n\t\t\t\t\t\t\t\t\t<div class=\"elementor-button-wrapper\">\n\t\t\t\t\t<a class=\"elementor-button elementor-button-link elementor-size-sm\" href=\"https:\/\/www.308.pl\">\n\t\t\t\t\t\t<span class=\"elementor-button-content-wrapper\">\n\t\t\t\t\t\t\t\t\t<span class=\"elementor-button-text\">Strona g\u0142\u00f3wna<\/span>\n\t\t\t\t\t<\/span>\n\t\t\t\t\t<\/a>\n\t\t\t\t<\/div>\n\t\t\t\t\t\t\t\t<\/div>\n\t\t\t\t<\/div>\n\t\t\t\t\t<\/div>\n\t\t<\/div>\n\t\t\t\t\t<\/div>\n\t\t<\/section>\n\t\t\t\t<\/div>\n\t\t","protected":false},"excerpt":{"rendered":"<p>Sprzeda\u017c na platformach typu marketplace, zar\u00f3wno w Polsce, jak i za granic\u0105, oferuje przedsi\u0119biorcom szereg korzy\u015bci. Przede wszystkim, umo\u017cliwia szybsze dotarcie do szerokiej bazy klient\u00f3w bez konieczno\u015bci inwestowania nadmiernego. Korzystanie z marketplace&#8217;\u00f3w zapewnia r\u00f3wnie\u017c gotow\u0105 infrastruktur\u0119 techniczn\u0105, obejmuj\u0105c\u0105 systemy p\u0142atno\u015bci, zarz\u0105dzanie zam\u00f3wieniami oraz cz\u0119sto wsparcie logistyczne. Dzi\u0119ki temu sprzedawcy mog\u0105 skoncentrowa\u0107 si\u0119 na rozwijaniu oferty, nie martwi\u0105c si\u0119 o aspekty technologiczne i budowanie \u015bwiadomo\u015bci marki w internecie od podstaw. Warto jednak pami\u0119ta\u0107, \u017ce nie ka\u017cda platforma b\u0119dzie odpowiednia dla ka\u017cdego sprzedawcy. Istniej\u0105 marketplace&#8217;y o charakterze og\u00f3lnym, takie jak Amazon czy Allegro, kt\u00f3re oferuj\u0105 szeroki asortyment produkt\u00f3w, oraz bardziej bran\u017cowe, skoncentrowane na okre\u015blonych segmentach rynku. Wyb\u00f3r odpowiedniej platformy powinien zale\u017ce\u0107 od specyfiki oferowanych produkt\u00f3w oraz docelowej grupy klient\u00f3w. Wielu&hellip;<\/p>\n","protected":false},"author":1,"featured_media":0,"parent":0,"menu_order":0,"comment_status":"closed","ping_status":"closed","template":"","meta":{"footnotes":""},"class_list":["post-937","page","type-page","status-publish","hentry"],"rttpg_featured_image_url":null,"rttpg_author":{"display_name":"admin","author_link":"https:\/\/www.308.pl\/index.php\/author\/admin\/"},"rttpg_comment":0,"rttpg_category":null,"rttpg_excerpt":"Sprzeda\u017c na platformach typu marketplace, zar\u00f3wno w Polsce, jak i za granic\u0105, oferuje przedsi\u0119biorcom szereg korzy\u015bci. Przede wszystkim, umo\u017cliwia szybsze dotarcie do szerokiej bazy klient\u00f3w bez konieczno\u015bci inwestowania nadmiernego. Korzystanie z marketplace&#8217;\u00f3w zapewnia r\u00f3wnie\u017c gotow\u0105 infrastruktur\u0119 techniczn\u0105, obejmuj\u0105c\u0105 systemy p\u0142atno\u015bci, zarz\u0105dzanie zam\u00f3wieniami oraz cz\u0119sto wsparcie logistyczne. Dzi\u0119ki temu sprzedawcy mog\u0105 skoncentrowa\u0107 si\u0119 na rozwijaniu oferty,&hellip;","_links":{"self":[{"href":"https:\/\/www.308.pl\/index.php\/wp-json\/wp\/v2\/pages\/937","targetHints":{"allow":["GET"]}}],"collection":[{"href":"https:\/\/www.308.pl\/index.php\/wp-json\/wp\/v2\/pages"}],"about":[{"href":"https:\/\/www.308.pl\/index.php\/wp-json\/wp\/v2\/types\/page"}],"author":[{"embeddable":true,"href":"https:\/\/www.308.pl\/index.php\/wp-json\/wp\/v2\/users\/1"}],"replies":[{"embeddable":true,"href":"https:\/\/www.308.pl\/index.php\/wp-json\/wp\/v2\/comments?post=937"}],"version-history":[{"count":32,"href":"https:\/\/www.308.pl\/index.php\/wp-json\/wp\/v2\/pages\/937\/revisions"}],"predecessor-version":[{"id":1100,"href":"https:\/\/www.308.pl\/index.php\/wp-json\/wp\/v2\/pages\/937\/revisions\/1100"}],"wp:attachment":[{"href":"https:\/\/www.308.pl\/index.php\/wp-json\/wp\/v2\/media?parent=937"}],"curies":[{"name":"wp","href":"https:\/\/api.w.org\/{rel}","templated":true}]}}